{"id":18677,"date":"2020-07-14T19:12:54","date_gmt":"2020-07-14T19:12:54","guid":{"rendered":"http:\/\/labgenvet.ca\/?page_id=18677"},"modified":"2025-08-28T18:35:20","modified_gmt":"2025-08-28T18:35:20","slug":"useful-links","status":"publish","type":"page","link":"https:\/\/labgenvet.ca\/en\/useful-links\/","title":{"rendered":"Useful Links"},"content":{"rendered":"<div class=\"wpb-content-wrapper\"><p>[vc_row][vc_column width=&#8221;2\/3&#8243;]<\/p>\n<blockquote><p>[vc_row][vc_column]<\/p>\n<h1>Useful Links:<\/h1>\n<p><a style=\"color: #3c56b5;\" href=\"https:\/\/www.facebook.com\/pages\/category\/Education\/Labgenvet-283021268892991\/\">Labgenvet\/Facebook<\/a><\/p>\n<h1>Academic:<\/h1>\n<p><a style=\"color: #3c56b5;\" href=\"https:\/\/pubmed.ncbi.nlm.nih.gov\/\">Pubmed<\/a><\/p>\n<p><a style=\"color: #3c56b5;\" href=\"https:\/\/omia.org\/home\/\">OMIA &#8211; Online Mendelian Inheritance in Animals<\/a><\/p>\n<h1>Veterinary:<\/h1>\n<p><a style=\"color: #3c56b5;\" href=\"https:\/\/www.canadianveterinarians.net\/\">Canadian Veterinary Medical Association (CVMA\/ACMV)<\/a><\/p>\n<p><a style=\"color: #3c56b5;\" href=\"https:\/\/www.merckvetmanual.com\/\">Merk Veterinary Manual<\/a><\/p>\n<h1>Clubs and Associations:<\/h1>\n<p><a style=\"color: #3c56b5;\" href=\"https:\/\/www.ckc.ca\/en\">Canadian Kennel Club<\/a><\/p>\n<p><a style=\"color: #3c56b5;\" href=\"https:\/\/www.akc.org\/\">American Kennel Club<\/a><\/p>\n<p><a style=\"color: #3c56b5;\" href=\"https:\/\/www.thekennelclub.org.uk\/\">The Kennel Club<\/a><\/p>\n<p><a style=\"color: #3c56b5;\" href=\"https:\/\/www.cca-afc.com\/\">Canadian Cat Association (CCA-AFC) <\/a><\/p>\n<p><a style=\"color: #3c56b5;\" href=\"http:\/\/chatscanadacats.ca\/\">Chats Canada Cats<\/a><\/p>\n<p><a style=\"color: #3c56b5;\" href=\"https:\/\/www.facebook.com\/people\/Regroupement-des-Eleveurs-de-Chiens-Champions-du-Qu%C3%A9bec-RECCQ\/100070532371558\/\">REFCC &#8211; Regroupement des \u00c9leveurs de Chiens Champions du Qu\u00e9bec<\/a><\/p>\n<p><a style=\"color: #3c56b5;\" href=\"https:\/\/animaquebec.com\/\">ANIMA Qu\u00e9bec &#8211; Association Nationale d&#8217;Intervention pour le Mieux-\u00eatre des Animaux<\/a><\/p>\n<p><a style=\"color: #3c56b5;\" href=\"https:\/\/www.uecq.ca\/\">Union des \u00e9leveurs canins du Qu\u00e9bec (UECQ)<\/a><\/p><\/blockquote>\n<p>[\/vc_column][vc_column width=&#8221;1\/3&#8243;]<a class=\"dt-pswp-item\" href=\"https:\/\/labgenvet.ca\/wp-content\/uploads\/2020\/07\/guacamaya-4132823_1920.png\" data-dt-img-description=\"\" data-large_image_width=\"886\" data-large_image_height=\"498\"><img loading=\"lazy\" decoding=\"async\" class=\"alignnone size-medium wp-image-18709\" src=\"https:\/\/labgenvet.ca\/wp-content\/uploads\/2020\/07\/guacamaya-4132823_1920-300x169.png\" alt=\"\" width=\"300\" height=\"169\" srcset=\"https:\/\/labgenvet.ca\/wp-content\/uploads\/2020\/07\/guacamaya-4132823_1920-300x169.png 300w, https:\/\/labgenvet.ca\/wp-content\/uploads\/2020\/07\/guacamaya-4132823_1920-768x432.png 768w, https:\/\/labgenvet.ca\/wp-content\/uploads\/2020\/07\/guacamaya-4132823_1920.png 886w\" sizes=\"auto, (max-width: 300px) 100vw, 300px\" \/><\/a><a class=\"dt-pswp-item\" href=\"https:\/\/labgenvet.ca\/wp-content\/uploads\/2020\/07\/Dog-and-cows-iStock-664446376.png\" data-dt-img-description=\"\" data-large_image_width=\"737\" data-large_image_height=\"544\"><img loading=\"lazy\" decoding=\"async\" class=\"alignnone size-medium wp-image-18715\" src=\"https:\/\/labgenvet.ca\/wp-content\/uploads\/2020\/07\/Dog-and-cows-iStock-664446376-300x221.png\" alt=\"\" width=\"300\" height=\"221\" srcset=\"https:\/\/labgenvet.ca\/wp-content\/uploads\/2020\/07\/Dog-and-cows-iStock-664446376-300x221.png 300w, https:\/\/labgenvet.ca\/wp-content\/uploads\/2020\/07\/Dog-and-cows-iStock-664446376.png 737w\" sizes=\"auto, (max-width: 300px) 100vw, 300px\" \/><\/a><\/p>\n<p><a class=\"dt-pswp-item\" href=\"https:\/\/labgenvet.ca\/wp-content\/uploads\/2020\/07\/Cat-and-horse-iStock-587900460.png\" data-dt-img-description=\"\" data-large_image_width=\"945\" data-large_image_height=\"630\"><img loading=\"lazy\" decoding=\"async\" class=\"alignnone size-medium wp-image-18707\" src=\"https:\/\/labgenvet.ca\/wp-content\/uploads\/2020\/07\/Cat-and-horse-iStock-587900460-300x200.png\" alt=\"\" width=\"300\" height=\"200\" srcset=\"https:\/\/labgenvet.ca\/wp-content\/uploads\/2020\/07\/Cat-and-horse-iStock-587900460-300x200.png 300w, https:\/\/labgenvet.ca\/wp-content\/uploads\/2020\/07\/Cat-and-horse-iStock-587900460-768x512.png 768w, https:\/\/labgenvet.ca\/wp-content\/uploads\/2020\/07\/Cat-and-horse-iStock-587900460.png 945w\" sizes=\"auto, (max-width: 300px) 100vw, 300px\" \/><\/a><br \/>\n[\/vc_column][\/vc_row]<\/p>\n<\/div>","protected":false},"excerpt":{"rendered":"<p>[vc_row][vc_column width=&#8221;2\/3&#8243;] [vc_row][vc_column] Useful Links: Labgenvet\/Facebook Academic: Pubmed OMIA &#8211; Online Mendelian Inheritance in Animals Veterinary: Canadian Veterinary Medical Association (CVMA\/ACMV) Merk Veterinary Manual Clubs and Associations: Canadian Kennel Club American Kennel Club The Kennel Club Canadian Cat Association (CCA-AFC) Chats Canada Cats REFCC &#8211; Regroupement des \u00c9leveurs de Chiens Champions du Qu\u00e9bec ANIMA Qu\u00e9bec&hellip;<\/p>\n","protected":false},"author":1,"featured_media":0,"parent":0,"menu_order":0,"comment_status":"closed","ping_status":"closed","template":"","meta":{"_acf_changed":false,"footnotes":""},"class_list":["post-18677","page","type-page","status-publish","hentry","description-off"],"acf":[],"aioseo_notices":[],"_links":{"self":[{"href":"https:\/\/labgenvet.ca\/en\/wp-json\/wp\/v2\/pages\/18677","targetHints":{"allow":["GET"]}}],"collection":[{"href":"https:\/\/labgenvet.ca\/en\/wp-json\/wp\/v2\/pages"}],"about":[{"href":"https:\/\/labgenvet.ca\/en\/wp-json\/wp\/v2\/types\/page"}],"author":[{"embeddable":true,"href":"https:\/\/labgenvet.ca\/en\/wp-json\/wp\/v2\/users\/1"}],"replies":[{"embeddable":true,"href":"https:\/\/labgenvet.ca\/en\/wp-json\/wp\/v2\/comments?post=18677"}],"version-history":[{"count":15,"href":"https:\/\/labgenvet.ca\/en\/wp-json\/wp\/v2\/pages\/18677\/revisions"}],"predecessor-version":[{"id":24102,"href":"https:\/\/labgenvet.ca\/en\/wp-json\/wp\/v2\/pages\/18677\/revisions\/24102"}],"wp:attachment":[{"href":"https:\/\/labgenvet.ca\/en\/wp-json\/wp\/v2\/media?parent=18677"}],"curies":[{"name":"wp","href":"https:\/\/api.w.org\/{rel}","templated":true}]}}