{"id":23835,"date":"2025-04-22T13:29:47","date_gmt":"2025-04-22T13:29:47","guid":{"rendered":"https:\/\/labgenvet.ca\/?page_id=23835"},"modified":"2025-04-22T13:32:10","modified_gmt":"2025-04-22T13:32:10","slug":"multiple-congenital-ocular-anomalies-mcoa-pmel-linked","status":"publish","type":"page","link":"https:\/\/labgenvet.ca\/en\/multiple-congenital-ocular-anomalies-mcoa-pmel-linked\/","title":{"rendered":"Multiple congenital ocular anomalies (MCOA), PMEL-linked"},"content":{"rendered":"<h1><strong>Multiple congenital ocular anomalies (MCOA), PMEL-linked <\/strong><\/h1>\n<p>&nbsp;<\/p>\n<p><strong>Gene<\/strong>:\u00a0PMEL<\/p>\n<p><strong>Transmission<\/strong>: Autosomal, co-dominant (incomplete penetrance)<\/p>\n<p style=\"text-align: justify;\">The animal only has to have one copy of the mutation to be at risk of developing hypertrophic cardiomyopathy. \u00a0Animals with two copies of the mutation generally have more severe symptoms and an earlier onset of the disease than animals with just one copy of the mutation. \u00a0Offspring are potentially at risk of developing the disease if at least one parent carries the mutation.\u00a0 Alternatively, the disease is caused by a de novo mutation.<\/p>\n<p><strong>Mutation<\/strong>: Substitution, PMEL gene; c.1849 C&gt;T, p.(Arg618Cys), exon11, chromosome 6.<\/p>\n<p style=\"text-align: justify;\"><strong>Breeds<\/strong>: American Miniature Horse, Ardennes Horse, Comtois Horse, Islandic Horse, Kentucky Mountain Saddle, Missouri Fox Trotter, Morgan, Rocky Mountain Horse, Shetland Pony.<\/p>\n<p><strong>Medical system:<\/strong>\u00a0Ocular, dermal.<\/p>\n<p><strong>Age of onset of symptoms<\/strong>: At birth (congenital).<\/p>\n<p style=\"text-align: justify;\">The syndrome of multiple congenital ocular anomalies (MCOA) in the horse is caused by the same mutation in the PMEL gene that is responsible for the silver\/dapple phenotype.\u00a0 The PMEL gene codes for a protein important for melanosome function within melanocytes.\u00a0 A mutation in the PMEL gene, known as the Z locus, is responsible for the silver\/dapple coat colour and displays autosomal dominant genetics in the breeds of horses that allow this pigmentation pattern. The Z locus mutation is pleiotropic as it is also responsible for the ocular defects seen with MCOA, where it now follows co-dominant genetics.\u00a0 The heterozygote (carrier) animal can have mild ocular defects including cysts within the iris, ciliary body and retina, or can be asymptomatic.\u00a0 The homozygous double mutant animal can have a wide range of more severe ocular defects, including cysts, cataracts, glaucoma, corneal defects and iris defects.\u00a0 Breeds of horses that do not have the silver\/dapple pigmentation pattern are not susceptible to MCOA.\u00a0 DNA tests should be used to identify the presence of the Z locus (and the potential for MCOA) in the chestnut-colored horse, where silver\/dapple pigmentation pattern is not visually evident.<\/p>\n<p style=\"text-align: justify;\">Note that mutations in the PMEL gene are responsible for the merle pigmentation phenotype seen in the dog, which can also be associated with pleiotropic effects including microphthalmia and deafness.<\/p>\n<p>&nbsp;<\/p>\n<p><strong>References:<\/strong><\/p>\n<p>OMIA links: [<a style=\"color: #3c56b5;\" href=\"https:\/\/www.omia.org\/OMIA000733\/9796\/\">0733-9796<\/a>], [<a style=\"color: #3c56b5;\" href=\"https:\/\/www.omia.org\/OMIA001438\/9796\/\">1438-9796<\/a>]<\/p>\n<p>Herb VM, Zehetner V, Blohm O. (<strong>2021<\/strong>) Multiple congenital ocular anomalies in a silver coat Missouri Fox Trotter stallion.\u00a0Tierarztl Prax Ausg G Grosstiere Nutztiere\u00a049:350-354.\u00a0 [<a style=\"color: #3c56b5;\" href=\"https:\/\/pubmed.ncbi.nlm.nih.gov\/34666370\/\">pm\/34666370<\/a>]<\/p>\n<p>Andersson LS, Wilbe M, Viluma A, et al. (<strong>2013<\/strong>) Equine\u00a0multiple congenital ocular anomalies and silver coat colour result from the pleiotropic effects of mutant PMEL.\u00a0PLoS One\u00a08:e75639.\u00a0 [<a style=\"color: #3c56b5;\" href=\"https:\/\/pubmed.ncbi.nlm.nih.gov\/24086599\/\">pm\/24086599<\/a>]<\/p>\n<p>S\u00e9gard EM, Depecker MC, Lang J, et al. (<strong>2013<\/strong>) Ultrasonographic features of PMEL17 (Silver) mutant gene-associated multiple congenital ocular anomalies (MCOA) in Comtois and Rocky Mountain horses.\u00a0Vet Ophthalmol\u00a016:429-35.\u00a0 [<a style=\"color: #3c56b5;\" href=\"https:\/\/pubmed.ncbi.nlm.nih.gov\/23278951\/\">pm\/23278951<\/a>]<\/p>\n<p>Andersson LS, Axelsson J, Dubielzig RR, et al. (<strong>2011<\/strong>) Multiple Congenital Ocular Anomalies in Icelandic horses.\u00a0BMC Vet Res\u00a07:21. [<a style=\"color: #3c56b5;\" href=\"https:\/\/pubmed.ncbi.nlm.nih.gov\/21615885\/\">pm\/21615585<\/a>]<\/p>\n<p>Brunberg E, Andersson L, Cothran G, et al. (<strong>2006<\/strong>) A missense mutation in PMEL17 is associated with the Silver coat color in the horse.\u00a0BMC Genetics\u00a07:46. [<a style=\"color: #3c56b5;\" href=\"https:\/\/pubmed.ncbi.nlm.nih.gov\/17029645\/\">pm\/17029645<\/a>]<\/p>\n<p>Ramsey DT, Ewart SL, Render JA, et al. (<strong>1999<\/strong>) Congenital ocular abnormalities of Rocky Mountain Horses.\u00a0Vet Ophthalmol\u00a02:47-59.\u00a0 [<a style=\"color: #3c56b5;\" href=\"https:\/\/pubmed.ncbi.nlm.nih.gov\/11397242\/\">pm\/11397242<\/a>]<\/p>\n<p>&nbsp;<\/p>\n<p>Contributed by: Sandrine Jobin and Rose Laflamme, Class of 2029, Facult\u00e9 de m\u00e9decine v\u00e9t\u00e9rinaire, Universit\u00e9 de Montr\u00e9al.\u00a0 (Translation DWS)<\/p>\n","protected":false},"excerpt":{"rendered":"<p>Multiple congenital ocular anomalies (MCOA), PMEL-linked &nbsp; Gene:\u00a0PMEL Transmission: Autosomal, co-dominant (incomplete penetrance) The animal only has to have one copy of the mutation to be at risk of developing hypertrophic cardiomyopathy. \u00a0Animals with two copies of the mutation generally have more severe symptoms and an earlier onset of the disease than animals with just&hellip;<\/p>\n","protected":false},"author":1,"featured_media":0,"parent":0,"menu_order":0,"comment_status":"closed","ping_status":"closed","template":"","meta":{"_acf_changed":false,"footnotes":""},"class_list":["post-23835","page","type-page","status-publish","hentry","description-off"],"acf":[],"aioseo_notices":[],"_links":{"self":[{"href":"https:\/\/labgenvet.ca\/en\/wp-json\/wp\/v2\/pages\/23835","targetHints":{"allow":["GET"]}}],"collection":[{"href":"https:\/\/labgenvet.ca\/en\/wp-json\/wp\/v2\/pages"}],"about":[{"href":"https:\/\/labgenvet.ca\/en\/wp-json\/wp\/v2\/types\/page"}],"author":[{"embeddable":true,"href":"https:\/\/labgenvet.ca\/en\/wp-json\/wp\/v2\/users\/1"}],"replies":[{"embeddable":true,"href":"https:\/\/labgenvet.ca\/en\/wp-json\/wp\/v2\/comments?post=23835"}],"version-history":[{"count":3,"href":"https:\/\/labgenvet.ca\/en\/wp-json\/wp\/v2\/pages\/23835\/revisions"}],"predecessor-version":[{"id":23838,"href":"https:\/\/labgenvet.ca\/en\/wp-json\/wp\/v2\/pages\/23835\/revisions\/23838"}],"wp:attachment":[{"href":"https:\/\/labgenvet.ca\/en\/wp-json\/wp\/v2\/media?parent=23835"}],"curies":[{"name":"wp","href":"https:\/\/api.w.org\/{rel}","templated":true}]}}