{"id":23876,"date":"2025-04-22T17:26:48","date_gmt":"2025-04-22T17:26:48","guid":{"rendered":"https:\/\/labgenvet.ca\/?page_id=23876"},"modified":"2025-04-22T17:27:42","modified_gmt":"2025-04-22T17:27:42","slug":"dilute-coat-color-with-neurological-defects-lavender-foal-syndrome-lfs","status":"publish","type":"page","link":"https:\/\/labgenvet.ca\/en\/dilute-coat-color-with-neurological-defects-lavender-foal-syndrome-lfs\/","title":{"rendered":"Dilute coat color with neurological defects (Lavender Foal Syndrome, LFS)"},"content":{"rendered":"<h1><strong>Dilute coat color with neurological defects (Lavender Foal Syndrome, LFS)<\/strong><\/h1>\n<p>&nbsp;<\/p>\n<p><strong>Gene<\/strong>:\u00a0MYO5A<\/p>\n<p><strong>Transmission<\/strong>: Autosomal, recessive<\/p>\n<p style=\"text-align: justify;\">For an autosomal recessive genetic disease an animal must have two copies of the mutation in question to be at risk of developing the disease.\u00a0 Both parents of an affected animal must be carriers of at least one copy of the mutation.\u00a0 Animals that have only one copy of the mutation are not at risk of developing the disease but are carrier animals that can pass the mutation on to future generations.<\/p>\n<p><strong>Mutation<\/strong>: Deletion, MYO5A gene; c.4249del, p.(Arg1417Ala frame shift STOP 13), chromosome 1.<\/p>\n<p><strong>Breed<\/strong>: Arab<\/p>\n<p><strong>Medical system:<\/strong>\u00a0Neurologic, dermal (coat colour).<\/p>\n<p><strong>Age of onset of symptoms<\/strong>: At birth.<\/p>\n<p style=\"text-align: justify;\">The syndrome of Dilute coat color with neurological defects, also called Lavender Foal Syndrome, is a fatal, autosomal recessive hereditary disease affecting Thoroughbred Arabian horses, particularly those of Egyptian lineages. Foals affected by the disease exhibit severe neurological disorders from birth, including hyperextension of the back (opisthotonus), involuntary muscle spasms, tetanus, paddling leg movements and tetanic seizures, and involuntary eye movements (nystagmus). Foals have a characteristic diluted coat coloration, ranging from pale grey to lavender, hence the name Lavender Foal Syndrome.\u00a0 Affected foals are generally unable to stand and are usually euthanized within hours of birth.\u00a0 DNA studies identified a mutation in the MYO5A gene as the cause of the disease.\u00a0 The MYO5A gene codes for a motor protein involved in the transport of vesicles along actin filaments within the cell.\u00a0 This is particularly important for neurons, for neurotransmitter transport trafficking within axons and synaptic vesicles, and also for the transport of melanosomes within melanocytes.<\/p>\n<p style=\"text-align: justify;\">Veterinarians and breeders of Arab horses should be aware of this disease.\u00a0 DNA tests should be performed to identify carrier animals and selective breeding should be performed to eliminate the disease and the mutation from the breed.<\/p>\n<p>&nbsp;<\/p>\n<p><strong>References:<\/strong><\/p>\n<p>OMIA link: [<a style=\"color: #3c56b5;\" href=\"https:\/\/www.omia.org\/OMIA001501\/9796\/\">1501-9796<\/a>]<\/p>\n<p>AbouEl Ela NH, El Araby IE, Saleh AA, et al. (<strong>2023<\/strong>) Evidence for origin of lavender foal syndrome among Egyptian Arabian horses in Egypt.\u00a0Equine Vet J\u00a055:487-493. [<a style=\"color: #3c56b5;\" href=\"https:\/\/pubmed.ncbi.nlm.nih.gov\/35665534\/\">pm\/35665534<\/a>]<\/p>\n<p>Gabreski NA, Haase B, Armstrong, CD, et al. (<strong>2012<\/strong>) Investigation of allele frequencies for Lavender foal syndrome in the horse.\u00a0Anim Genet\u00a043:650. [<a style=\"color: #3c56b5;\" href=\"https:\/\/pubmed.ncbi.nlm.nih.gov\/22497275\/\">pm\/22497275<\/a>]<\/p>\n<p>Brooks SA, Gabreski N, Miller D, et al. (<strong>2010<\/strong>) Whole-genome SNP association in the horse: identification of a deletion in myosin Va responsible for Lavender Foal Syndrome.\u00a0PLoS Genet\u00a06:e1000909.\u00a0 [<a style=\"color: #3c56b5;\" href=\"https:\/\/pubmed.ncbi.nlm.nih.gov\/20419149\/\">pm\/20419149<\/a>]<\/p>\n<p>Page P, Parker R, Harper C, et al. (<strong>2006<\/strong>) Clinical, clinicopathologic, postmortem examination findings and familial history of 3 Arabians with lavender foal syndrome.\u00a0J Vet Intern Med\u00a020:1491-4. [<a style=\"color: #3c56b5;\" href=\"https:\/\/pubmed.ncbi.nlm.nih.gov\/17186871\/\">pm\/17186871<\/a>]<\/p>\n<p>&nbsp;<\/p>\n<p>Contributed by: Came\u0301lia Gaudreau and Gabrielle Perot, Class of 2029, Facult\u00e9 de m\u00e9decine v\u00e9t\u00e9rinaire, Universit\u00e9 de Montr\u00e9al.\u00a0 (Translation DWS)<\/p>\n","protected":false},"excerpt":{"rendered":"<p>Dilute coat color with neurological defects (Lavender Foal Syndrome, LFS) &nbsp; Gene:\u00a0MYO5A Transmission: Autosomal, recessive For an autosomal recessive genetic disease an animal must have two copies of the mutation in question to be at risk of developing the disease.\u00a0 Both parents of an affected animal must be carriers of at least one copy of&hellip;<\/p>\n","protected":false},"author":1,"featured_media":0,"parent":0,"menu_order":0,"comment_status":"closed","ping_status":"closed","template":"","meta":{"_acf_changed":false,"footnotes":""},"class_list":["post-23876","page","type-page","status-publish","hentry","description-off"],"acf":[],"aioseo_notices":[],"_links":{"self":[{"href":"https:\/\/labgenvet.ca\/en\/wp-json\/wp\/v2\/pages\/23876","targetHints":{"allow":["GET"]}}],"collection":[{"href":"https:\/\/labgenvet.ca\/en\/wp-json\/wp\/v2\/pages"}],"about":[{"href":"https:\/\/labgenvet.ca\/en\/wp-json\/wp\/v2\/types\/page"}],"author":[{"embeddable":true,"href":"https:\/\/labgenvet.ca\/en\/wp-json\/wp\/v2\/users\/1"}],"replies":[{"embeddable":true,"href":"https:\/\/labgenvet.ca\/en\/wp-json\/wp\/v2\/comments?post=23876"}],"version-history":[{"count":2,"href":"https:\/\/labgenvet.ca\/en\/wp-json\/wp\/v2\/pages\/23876\/revisions"}],"predecessor-version":[{"id":23878,"href":"https:\/\/labgenvet.ca\/en\/wp-json\/wp\/v2\/pages\/23876\/revisions\/23878"}],"wp:attachment":[{"href":"https:\/\/labgenvet.ca\/en\/wp-json\/wp\/v2\/media?parent=23876"}],"curies":[{"name":"wp","href":"https:\/\/api.w.org\/{rel}","templated":true}]}}