{"id":23885,"date":"2025-04-22T17:48:30","date_gmt":"2025-04-22T17:48:30","guid":{"rendered":"https:\/\/labgenvet.ca\/?page_id=23885"},"modified":"2025-04-22T17:49:24","modified_gmt":"2025-04-22T17:49:24","slug":"syndactyly-mulefoot","status":"publish","type":"page","link":"https:\/\/labgenvet.ca\/en\/syndactyly-mulefoot\/","title":{"rendered":"Syndactyly (mulefoot)"},"content":{"rendered":"<h1><strong>Syndactyly (mulefoot)<\/strong><\/h1>\n<p>&nbsp;<\/p>\n<p><strong>Gene<\/strong>:\u00a0LRP4<\/p>\n<p><strong>Transmission<\/strong>: Autosomal, recessive (variable penetration)<\/p>\n<p style=\"text-align: justify;\">For an autosomal recessive genetic disease an animal must have two copies of the mutation in question to be at risk of developing the disease.\u00a0 Both parents of an affected animal must be carriers of at least one copy of the mutation.\u00a0 Animals that have only one copy of the mutation are not at risk of developing the disease but are carrier animals that can pass the mutation on to future generations.<\/p>\n<p><strong>Mutations<\/strong>:<\/p>\n<p>Mutation Holstein Friesian: Deletion, LRP4 gene; c.4863_4864 delAT, p.(Asp1621Gly1622 delLysCys), exon33, chromosome 15.<\/p>\n<p>Mutation Angus: Substitution, (splicing error), LRP4 gene; intron37-38, chromosome 15.<\/p>\n<p>Mutation Simmental: Substitution, LRP4 gene; c.3595 G&gt;A, p.(Gly1199Ser), exon26, chromosome 15.<\/p>\n<p>Mutation Simmental Charolais cross: Substitution, LRP4 gene; c.2719 Gly&gt;Ala, p.(Gly907Arg), chromosome 15.<\/p>\n<p><strong>Breeds<\/strong>: Holstein, Angus, Simmental<\/p>\n<p><strong>Medical system:<\/strong>\u00a0Skeletal<\/p>\n<p><strong>Age of onset of symptoms<\/strong>: From birth.<\/p>\n<p style=\"text-align: justify;\">Syndactyly in the bovine, also known as mulefoot, is a congenital malformation affecting the structure of the limbs, resulting in abnormal fusion of the toes (uncloven hooves) reminiscent of a mule. Clinical signs mainly include bony fusion of the phalanges, most often affecting pair II. This anomaly is accompanied by marked curvature of the hooves and irregularities in the carpal bones. These malformations cause abnormal adaptation of the tendons and muscles, leading to significant locomotor difficulties. The condition is generally asymmetrical, affecting the forelimbs more severely. With age, complications such as premature hoof wear, joint pain, and impaired mobility occure, aggravating locomotor disorders.<\/p>\n<p style=\"text-align: justify;\">Mulefoot, which has been reported in many breeds of cattle, follows autosomal recessive heredity with somewhat variable penetration.\u00a0 It has been particularly problematic in the Holstein-Friesen breed, particularly with the advent of artificial insemination and embryo transfer techniques, due to a popular sire that was an acknowledged carrier of the causal mutation.\u00a0 Furthermore, carrier female animals were shown to have elevated production of milk and buttermilk, conferring a production advantage to heterozygote cows.\u00a0 DNA studies in the Holstein breed identified a mutation in the LRP4 gene as the cause of mulefoot, while studies of mulefoot seen in the Angus and Simmental breeds identified independent mutations within the same gene.\u00a0 The LRP4 gene codes for the Low density lipoprotein receptor-related protein 4, which is involved in milk production but is also associated with embryonic development of the distal limb. DNA testing is available for the reported mutations, such that frequencies of mulefoot have been significantly reduced in susceptible breeds.<\/p>\n<p>&nbsp;<\/p>\n<p><strong>References:<\/strong><\/p>\n<p>OMIA link: [<a style=\"color: #3c56b5;\" href=\"https:\/\/www.omia.org\/OMIA000963\/9913\/\">0963-9913<\/a>]<\/p>\n<p>Gozdek M, Mucha S, Prostek A, et al. (<strong>2024<\/strong>) Distribution of recessive genetic defect carriers in Holstein Friesian cattle: A polish perspective.\u00a0Animals (Basel)\u00a014:3170.\u00a0 [<a style=\"color: #3c56b5;\" href=\"https:\/\/pubmed.ncbi.nlm.nih.gov\/39595223\/\">pm\/39595223<\/a>]<\/p>\n<p>Dr\u00f6gem\u00fcller C, Leeb T, Harlizius B,\u00a0et al. (<strong>2007<\/strong>) Congenital syndactyly in cattle: four novel mutations in the low density lipoprotein receptor-related protein 4 gene (LRP4).\u00a0BMC Genet\u00a08:5. [<a style=\"color: #3c56b5;\" href=\"https:\/\/pubmed.ncbi.nlm.nih.gov\/17319939\/\">pm\/17319939<\/a>]<\/p>\n<p>Dr\u00f6gem\u00fcller C, Distl O. (<strong>2006<\/strong>) Genetic analysis of syndactyly in German Holstein cattle.\u00a0Vet J\u00a0171:120-5. [<a style=\"color: #3c56b5;\" href=\"https:\/\/pubmed.ncbi.nlm.nih.gov\/16427589\/\">pm\/16427589<\/a>]<\/p>\n<p>Duchesne A, Gautier M, Chadi S, et al. (<strong>2007<\/strong>) Identification of a doublet missense substitution in the bovine LRP4 gene as a candidate causal mutation for syndactyly in Holstein cattle.\u00a0Genomics\u00a088:610-621. [<a style=\"color: #3c56b5;\" href=\"https:\/\/pubmed.ncbi.nlm.nih.gov\/16859890\/\">pm\/16859890<\/a>]<\/p>\n<p>Johnson EB, Steffen DJ, Lynch KW, Herz J.\u00a0(<strong>2006<\/strong>) Defective splicing of Megf7\/Lrp4, a regulator of distal limb development, in autosomal recessive mulefoot disease.\u00a0Genomics\u00a088:600-609.\u00a0 [<a style=\"color: #3c56b5;\" href=\"https:\/\/pubmed.ncbi.nlm.nih.gov\/16963222\/\">pm\/16963222<\/a>]<\/p>\n<p>Leipold HW, Dennis SM, Huston K. (<strong>1973<\/strong>) Syndactyly in cattle.\u00a0Veterinary Bulletin\u00a043:399-403.<\/p>\n<p>&nbsp;<\/p>\n<p>Contributed by: Flavie Cloutier and Lucie Hoang, Class of 2029, Facult\u00e9 de m\u00e9decine v\u00e9t\u00e9rinaire, Universit\u00e9 de Montr\u00e9al.\u00a0 (Translation DWS)<\/p>\n","protected":false},"excerpt":{"rendered":"<p>Syndactyly (mulefoot) &nbsp; Gene:\u00a0LRP4 Transmission: Autosomal, recessive (variable penetration) For an autosomal recessive genetic disease an animal must have two copies of the mutation in question to be at risk of developing the disease.\u00a0 Both parents of an affected animal must be carriers of at least one copy of the mutation.\u00a0 Animals that have only&hellip;<\/p>\n","protected":false},"author":1,"featured_media":0,"parent":0,"menu_order":0,"comment_status":"closed","ping_status":"closed","template":"","meta":{"_acf_changed":false,"footnotes":""},"class_list":["post-23885","page","type-page","status-publish","hentry","description-off"],"acf":[],"aioseo_notices":[],"_links":{"self":[{"href":"https:\/\/labgenvet.ca\/en\/wp-json\/wp\/v2\/pages\/23885","targetHints":{"allow":["GET"]}}],"collection":[{"href":"https:\/\/labgenvet.ca\/en\/wp-json\/wp\/v2\/pages"}],"about":[{"href":"https:\/\/labgenvet.ca\/en\/wp-json\/wp\/v2\/types\/page"}],"author":[{"embeddable":true,"href":"https:\/\/labgenvet.ca\/en\/wp-json\/wp\/v2\/users\/1"}],"replies":[{"embeddable":true,"href":"https:\/\/labgenvet.ca\/en\/wp-json\/wp\/v2\/comments?post=23885"}],"version-history":[{"count":2,"href":"https:\/\/labgenvet.ca\/en\/wp-json\/wp\/v2\/pages\/23885\/revisions"}],"predecessor-version":[{"id":23887,"href":"https:\/\/labgenvet.ca\/en\/wp-json\/wp\/v2\/pages\/23885\/revisions\/23887"}],"wp:attachment":[{"href":"https:\/\/labgenvet.ca\/en\/wp-json\/wp\/v2\/media?parent=23885"}],"curies":[{"name":"wp","href":"https:\/\/api.w.org\/{rel}","templated":true}]}}