{"id":23918,"date":"2025-04-23T12:56:27","date_gmt":"2025-04-23T12:56:27","guid":{"rendered":"https:\/\/labgenvet.ca\/?page_id=23918"},"modified":"2025-04-23T13:05:19","modified_gmt":"2025-04-23T13:05:19","slug":"convulsions-and-ataxia-cerebellar-abiotrophy-cacn1a1-related","status":"publish","type":"page","link":"https:\/\/labgenvet.ca\/en\/convulsions-and-ataxia-cerebellar-abiotrophy-cacn1a1-related\/","title":{"rendered":"Convulsions and ataxia (cerebellar abiotrophy), CACN1A1-related"},"content":{"rendered":"<h1><strong>Convulsions and ataxia (cerebellar abiotrophy), CACN1A1-related<\/strong><\/h1>\n<p>&nbsp;<\/p>\n<p><strong>Gene<\/strong>:\u00a0CACN1A1<\/p>\n<p><strong>Transmission<\/strong>: Autosomal, dominant (incomplete penetration)<\/p>\n<p style=\"text-align: justify;\">The animal only has to have one copy of the mutation to be at risk of developing the disease. \u00a0Animals with two copies of the mutation generally have more severe symptoms and an earlier onset of the disease than animals with just one copy of the mutation. \u00a0Offspring are potentially at risk of developing the disease if at least one parent carries the mutation.\u00a0 Alternatively, the disease is caused by a de novo mutation.<\/p>\n<p><strong>Mutation<\/strong>: Substitution (nonsense), CACN1A1 gene; c.5041 C&gt;T, p.(Arg1681 STOP), chromosome 7.<\/p>\n<p><strong>Breed <\/strong>: Angus<\/p>\n<p><strong>Medical system:<\/strong>\u00a0Neurologic, muscular<\/p>\n<p><strong>Age of onset of symptoms<\/strong>: Within a few days of birth.<\/p>\n<p style=\"text-align: justify;\">Convulsions and ataxia, also known as cerebellar abiotrophy, has been historically and sporadically reported in a number of bovine breeds including Angus, Holstein and Charolais.\u00a0 A diagnosis of convulsions and ataxia was made in calves sharing the same Angus sire.\u00a0 Clinical signs included ataxia and seizures, while on necropsy, histological evidence of Purkinje cell degeneration within the cerebellum was seen.\u00a0 DNA studies of affected animals identified a heterozygous mutation in the CACNA1A gene as the most probable genetic cause of the disease, indicating a dominant heredity.\u00a0 The unaffected sire was also a carrier for the mutation, indicating incomplete penetration.\u00a0 Neither parents of the sire were carriers for the mutation, suggesting that a <em>de novo<\/em> mutation had occurred in the genome of the sire.\u00a0 The CACNA1A gene codes for a subunit protein of a calcium voltage-gated membrane channel that is highly expressed in presynaptic vesicles of nerve cells within the cerebellum where it is involved in neurotransmitter release.\u00a0 Mutations in the CACNA1A gene are known to be responsible for ataxia disorders in humans.<\/p>\n<p style=\"text-align: justify;\">Although this disease is of academic interest, not of clinical concern to veterinarians or breeders of Angus cattle because of the <em>de novo<\/em> nature of the mutation involved.<\/p>\n<p>&nbsp;<\/p>\n<p><strong>References:<\/strong><\/p>\n<p>OMIA link: [<a style=\"color: #3c56b5;\" href=\"https:\/\/www.omia.org\/OMIA001270\/9913\/\">1270-9913<\/a>]<\/p>\n<p style=\"text-align: justify;\">Reith RR, Beever JE, Paschal JC, et al. (<strong>2024<\/strong>) A de novo mutation in CACNA1A is associated with autosomal dominant bovine familial convulsions and ataxia in Angus cattle.\u00a0Anim Genet\u00a055:344-35. [<a style=\"color: #3c56b5;\" href=\"https:\/\/pubmed.ncbi.nlm.nih.gov\/38426585\/\">pm\/38426585<\/a>]<\/p>\n<p>&nbsp;<\/p>\n<p>Contributed by: Emma Nouhaud and Marianne Lessard-Mastine, Class of 2029, Facult\u00e9 de m\u00e9decine v\u00e9t\u00e9rinaire, Universit\u00e9 de Montr\u00e9al.\u00a0 (Translation DWS)<\/p>\n","protected":false},"excerpt":{"rendered":"<p>Convulsions and ataxia (cerebellar abiotrophy), CACN1A1-related &nbsp; Gene:\u00a0CACN1A1 Transmission: Autosomal, dominant (incomplete penetration) The animal only has to have one copy of the mutation to be at risk of developing the disease. \u00a0Animals with two copies of the mutation generally have more severe symptoms and an earlier onset of the disease than animals with just&hellip;<\/p>\n","protected":false},"author":1,"featured_media":0,"parent":0,"menu_order":0,"comment_status":"closed","ping_status":"closed","template":"","meta":{"_acf_changed":false,"footnotes":""},"class_list":["post-23918","page","type-page","status-publish","hentry","description-off"],"acf":[],"aioseo_notices":[],"_links":{"self":[{"href":"https:\/\/labgenvet.ca\/en\/wp-json\/wp\/v2\/pages\/23918","targetHints":{"allow":["GET"]}}],"collection":[{"href":"https:\/\/labgenvet.ca\/en\/wp-json\/wp\/v2\/pages"}],"about":[{"href":"https:\/\/labgenvet.ca\/en\/wp-json\/wp\/v2\/types\/page"}],"author":[{"embeddable":true,"href":"https:\/\/labgenvet.ca\/en\/wp-json\/wp\/v2\/users\/1"}],"replies":[{"embeddable":true,"href":"https:\/\/labgenvet.ca\/en\/wp-json\/wp\/v2\/comments?post=23918"}],"version-history":[{"count":4,"href":"https:\/\/labgenvet.ca\/en\/wp-json\/wp\/v2\/pages\/23918\/revisions"}],"predecessor-version":[{"id":23924,"href":"https:\/\/labgenvet.ca\/en\/wp-json\/wp\/v2\/pages\/23918\/revisions\/23924"}],"wp:attachment":[{"href":"https:\/\/labgenvet.ca\/en\/wp-json\/wp\/v2\/media?parent=23918"}],"curies":[{"name":"wp","href":"https:\/\/api.w.org\/{rel}","templated":true}]}}